{"id":30383,"date":"2018-12-04T21:22:55","date_gmt":"2018-12-04T19:22:55","guid":{"rendered":"https:\/\/lareserve.lu\/?page_id=30383"},"modified":"2019-01-07T19:08:12","modified_gmt":"2019-01-07T17:08:12","slug":"politique-de-confidentialite","status":"publish","type":"page","link":"https:\/\/lareserve.lu\/?page_id=30383","title":{"rendered":"Politique de confidentialit\u00e9"},"content":{"rendered":"<p>[et_pb_section fb_built=\u00a0\u00bb1&Prime; _builder_version=\u00a0\u00bb3.19.3&Prime;][et_pb_row _builder_version=\u00a0\u00bb3.19.3&Prime;][et_pb_column type=\u00a0\u00bb4_4&Prime; _builder_version=\u00a0\u00bb3.19.3&Prime; parallax=\u00a0\u00bboff\u00a0\u00bb parallax_method=\u00a0\u00bbon\u00a0\u00bb][et_pb_text _builder_version=\u00a0\u00bb3.19.3&Prime;]<\/p>\n<h1>Politique de confidentialit\u00e9<\/h1>\n<p>&nbsp;<\/p>\n<h3>Informations<\/h3>\n<p>Cette section est consacr\u00e9e \u00e0 la la protection de vos\u00a0donn\u00e9es priv\u00e9es sur le site <a href=\"http:\/\/lareserve.lu\" title=\"Lareserve.lu\">lareserve.lu<\/a><a href=\"http:\/\/lareserve.lu\/\"><\/a><\/p>\n<p class=\"lmapnfullentry\"><a href=\"http:\/\/lareserve.lu\" title=\"Lareserve.lu\">lareserve.lu<\/a>\u00a0s\u2019engage \u00e0\u00a0prot\u00e9ger vos donn\u00e9es priv\u00e9es telles que vos nom, adresse, num\u00e9ro de t\u00e9l\u00e9phone\u00a0conform\u00e9ment au r\u00e8glement europ\u00e9en #2016\/679 ou r\u00e8glement g\u00e9n\u00e9ral sur\u00a0la protection des donn\u00e9es (RGPD)\u00a0applicable depuis le 25 mai 2018.<\/p>\n<p class=\"lmapnfullentry\">\n<h3>Utilisation des donn\u00e9es personnelles collect\u00e9es<\/h3>\n<p class=\"lmapnfullentry\"><strong>Cookies<\/strong>. Quand vous laissez un commentaire sur notre site web, les donn\u00e9es inscrites dans le formulaire de commentaire, mais aussi votre adresse IP et l\u2019agent utilisateur de votre navigateur sont collect\u00e9s pour nous aider \u00e0 la d\u00e9tection des commentaires ind\u00e9sirables.<\/p>\n<p class=\"lmapnfullentry\">Une cha\u00eene anonymis\u00e9e cr\u00e9\u00e9e \u00e0 partir de votre adresse de messagerie (\u00e9galement appel\u00e9e hash) peut \u00eatre envoy\u00e9e au service Gravatar pour v\u00e9rifier si vous utilisez ce dernier. Les clauses de confidentialit\u00e9 du service Gravatar sont disponibles ici\u00a0: https:\/\/automattic.com\/privacy\/. Apr\u00e8s validation de votre commentaire, votre photo de profil sera visible publiquement \u00e0 cot\u00e9 de votre commentaire.<\/p>\n<p class=\"lmapnfullentry\">\n<h3>Marketing par email<\/h3>\n<p>Avec votre permission, nous pourrions vous envoyer des e-mails au sujet de notre actualit\u00e9, de notre boutique, et d\u2019autres mises \u00e0 jour.<\/p>\n<p>&nbsp;<\/p>\n<h3>Formulaires de contact<\/h3>\n<p class=\"lmapnfullentry\"><strong>Cookies<\/strong>. Si vous d\u00e9posez un commentaire sur notre site, il vous sera propos\u00e9 d\u2019enregistrer votre nom, adresse de messagerie et site web dans des cookies. C\u2019est uniquement pour votre confort afin de ne pas avoir \u00e0 saisir ces informations si vous d\u00e9posez un autre commentaire plus tard. Ces cookies expirent au bout d\u2019un an.<\/p>\n<p class=\"lmapnfullentry\">Si vous avez un compte et que vous vous connectez sur ce site, un cookie temporaire sera cr\u00e9\u00e9 afin de d\u00e9terminer si votre navigateur accepte les cookies. Il ne contient pas de donn\u00e9es personnelles et sera supprim\u00e9 automatiquement \u00e0 la fermeture de votre navigateur.<\/p>\n<p class=\"lmapnfullentry\">Lorsque vous vous connecterez, nous mettrons en place un certain nombre de cookies pour enregistrer vos informations de connexion et vos pr\u00e9f\u00e9rences d\u2019\u00e9cran. La dur\u00e9e de vie d\u2019un cookie de connexion est de deux jours, celle d\u2019un cookie d\u2019option d\u2019\u00e9cran est d\u2019un an. Si vous cochez \u00ab\u00a0Se souvenir de moi\u00a0\u00bb, votre cookie de connexion sera conserv\u00e9 pendant deux semaines. Si vous vous d\u00e9connectez de votre compte, le cookie de connexion sera effac\u00e9.<\/p>\n<p class=\"lmapnfullentry\">En modifiant ou en publiant un article, un cookie suppl\u00e9mentaire sera enregistr\u00e9 dans votre navigateur. Ce cookie ne comprend aucune donn\u00e9e personnelle. Il indique simplement l\u2019identifiant de l\u2019article que vous venez de modifier. Il expire au bout d\u2019un jour.<\/p>\n<p class=\"lmapnfullentry\">\n<h3>Contenus embarqu\u00e9 depuis d\u2019autres sites<\/h3>\n<p><span>Les articles de ce site peuvent inclure des contenus int\u00e9gr\u00e9s (par exemple des vid\u00e9os, images, articles\u2026). Le contenu int\u00e9gr\u00e9 depuis d\u2019autres sites se comporte de la m\u00eame mani\u00e8re que si le visiteur se rendait sur cet autre site.\u00a0<\/span><span>Ces sites web pourraient collecter des donn\u00e9es sur vous, utiliser des cookies, embarquer des outils de suivis tiers, suivre vos interactions avec ces contenus embarqu\u00e9s si vous disposez d\u2019un compte connect\u00e9 sur leur site web.<\/span><\/p>\n<p><span><\/span><\/p>\n<h3>Statistique et mesures d\u2019audience<\/h3>\n<p><span><a href=\"http:\/\/lareserve.lu\" title=\"Lareserve.lu\">lareserve.lu<\/a>\u00a0utilise Google\u00a0Analytics. Cet outil collecte des cookies propri\u00e9taires ainsi que des donn\u00e9es relatives \u00e0 l\u2019adresse\u00a0IP, \u00e0 l\u2019appareil ou au navigateur, et aux activit\u00e9s effectu\u00e9es sur le site ou au sein de l\u2019application, afin de mesurer les interactions des utilisateurs sur les sites Web et\/ou dans les applications qui utilisent Google\u00a0Analytics, et de g\u00e9n\u00e9rer des rapports sur ces statistiques.\u00a0<a href=\"https:\/\/support.google.com\/analytics\/answer\/6004245?hl=fr&amp;ref_topic=2919631\">Plus d\u2019informations<\/a><\/span><\/p>\n<p><span><\/span><\/p>\n<h3>Utilisation et transmission de vos donn\u00e9es personnelles<\/h3>\n<p class=\"lmapnfullentry\">Dur\u00e9es de stockage de vos donn\u00e9es. Si vous laissez un commentaire, le commentaire et ses m\u00e9tadonn\u00e9es sont conserv\u00e9s ind\u00e9finiment. Cela permet de reconna\u00eetre et approuver automatiquement les commentaires suivants au lieu de les laisser dans la file de mod\u00e9ration.<\/p>\n<p class=\"lmapnfullentry\">Pour les utilisateurs et utilisatrices qui s\u2019enregistrent sur notre site (si cela est possible), nous stockons \u00e9galement les donn\u00e9es personnelles indiqu\u00e9es dans leur profil. Tous les utilisateurs et utilisatrices peuvent voir, modifier ou supprimer leurs informations personnelles \u00e0 tout moment (\u00e0 l\u2019exception de leur nom d\u2019utilisateur\u00b7ice). Les gestionnaires du site peuvent aussi voir et modifier ces informations.<\/p>\n<p class=\"lmapnfullentry\">\n<h3>Les droits que vous avez sur vos donn\u00e9es<\/h3>\n<p><span>Si vous avez un compte ou si vous avez laiss\u00e9 des commentaires sur le site, vous pouvez demander \u00e0 recevoir un fichier contenant toutes les donn\u00e9es personnelles que nous poss\u00e9dons \u00e0 votre sujet, incluant celles que vous nous avez fournies. Vous pouvez \u00e9galement demander la suppression des donn\u00e9es personnelles vous concernant. Cela ne prend pas en compte les donn\u00e9es stock\u00e9es \u00e0 des fins administratives, l\u00e9gales ou pour des raisons de s\u00e9curit\u00e9.<\/span><\/p>\n<p><span><\/span><\/p>\n<h3>Transmission de vos donn\u00e9es personnelles<\/h3>\n<p><span>Les commentaires des visiteurs peuvent \u00eatre v\u00e9rifi\u00e9s \u00e0 l\u2019aide d\u2019un service automatis\u00e9 de d\u00e9tection des commentaires ind\u00e9sirables.<\/span><\/p>\n<p><span><\/span><\/p>\n<h3>Comment obtenons-nous votre consentement ?\u00a0<\/h3>\n<p><span>Lorsque vous nous fournissez vos renseignements personnels pour conclure une transaction, v\u00e9rifier votre carte de cr\u00e9dit, passer une commande, planifier une livraison ou retourner un achat, nous pr\u00e9sumons que vous consentez \u00e0 ce que nous recueillions vos renseignements et \u00e0 ce que nous les utilisions \u00e0 cette fin uniquement.\u00a0<\/span><span>Si nous vous demandons de nous fournir vos renseignements personnels pour une autre raison, \u00e0 des fins de marketing par exemple, nous vous demanderons directement votre consentement explicite, ou nous vous donnerons la possibilit\u00e9 de refuser.<\/span><\/p>\n<p><span><\/span><\/p>\n<h3>Comment pouvez-vous retirer votre consentement ?\u00a0<\/h3>\n<p><span>Si apr\u00e8s nous avoir donn\u00e9 votre consentement, vous changez d\u2019avis et ne consentez plus \u00e0 ce que nous puissions vous contacter, recueillir vos renseignements ou les divulguer, vous pouvez nous en aviser en nous contactant \u00e0\u00a0<\/span><a href=\"mailto:lareserveluxembourg@gmail.com\" title=\"Lareserveluxembourg@gmail.com\">lareserveluxembourg@gmail.com<\/a><\/p>\n<p>&nbsp;<\/p>\n<h3>Divulgation<\/h3>\n<p><span>Nous pouvons divulguer vos renseignements personnels si la loi nous oblige \u00e0 le faire ou si vous violez nos Conditions G\u00e9n\u00e9rales de Vente et d\u2019Utilisation.<\/span><\/p>\n<p><span><\/span><\/p>\n<h3>Comment prot\u00e9geons-nous vos donn\u00e9es ?<\/h3>\n<p class=\"lmapnfullentry\"><span>Pour prot\u00e9ger vos donn\u00e9es personnelles, nous prenons des pr\u00e9cautions raisonnables et suivons les meilleures pratiques de l\u2019industrie pour nous assurer qu\u2019elles ne soient pas perdues, d\u00e9tourn\u00e9es, consult\u00e9es, divulgu\u00e9es, modifi\u00e9es ou d\u00e9truites de mani\u00e8re inappropri\u00e9e.\u00a0<\/span><\/p>\n<p class=\"lmapnfullentry\"><span>Si vous nous fournissez vos informations de carte de cr\u00e9dit, elles seront chiffr\u00e9es par le biais de l\u2019utilisation du protocole de s\u00e9curisation SSL et conserv\u00e9es avec un chiffrement de type AES-256. Bien qu\u2019aucune m\u00e9thode de transmission sur Internet ou de stockage \u00e9lectronique ne soit s\u00fbre \u00e0 100 %, nous suivons toutes les exigences de la norme PCI-DSS et mettons en \u0153uvre des normes suppl\u00e9mentaires g\u00e9n\u00e9ralement reconnues par l\u2019industrie.<\/span><\/p>\n<p class=\"lmapnfullentry\"><span><\/span><\/p>\n<h3>Liens<\/h3>\n<p><span>Vous pourriez \u00eatre amen\u00e9 \u00e0 quitter notre site web en cliquant sur certains liens pr\u00e9sents sur notre site. Nous n\u2019assumons aucune responsabilit\u00e9 quant aux pratiques de confidentialit\u00e9 exerc\u00e9es par ces autres sites et vous recommandons de lire attentivement leurs politiques de confidentialit\u00e9.<\/span><\/p>\n<p><span><\/span><\/p>\n<h3>Modifications apport\u00e9s a la pr\u00e9sente politique de confidentialit\u00e9<\/h3>\n<p><span>Nous nous r\u00e9servons le droit de modifier la pr\u00e9sente politique de confidentialit\u00e9 \u00e0 tout moment, donc veuillez s\u2019il vous plait la consulter fr\u00e9quemment. Les changements et les clarifications prendront effet imm\u00e9diatement apr\u00e8s leur publication sur le site web. Si nous apportons des changements au contenu de cette politique, nous vous aviserons ici qu\u2019elle a \u00e9t\u00e9 mise \u00e0 jour, pour que vous sachiez quels renseignements nous recueillons, la mani\u00e8re dont nous les utilisons, et dans quelles circonstances nous les divulguons, s\u2019il y a lieu de le faire.<\/span><\/p>\n<p class=\"cartouche\">Si notre boutique fait l\u2019objet d\u2019une acquisition par ou d\u2019une fusion avec une autre entreprise, vos renseignements pourraient \u00eatre transf\u00e9r\u00e9s aux nouveaux propri\u00e9taires pour que nous puissions continuer \u00e0 vous vendre des produits.<\/p>\n<p>[\/et_pb_text][\/et_pb_column][\/et_pb_row][\/et_pb_section]<\/p>\n","protected":false},"excerpt":{"rendered":"<p>[et_pb_section fb_built=\u00a0\u00bb1&Prime; _builder_version=\u00a0\u00bb3.19.3&Prime;][et_pb_row _builder_version=\u00a0\u00bb3.19.3&Prime;][et_pb_column type=\u00a0\u00bb4_4&Prime; _builder_version=\u00a0\u00bb3.19.3&Prime; parallax=\u00a0\u00bboff\u00a0\u00bb parallax_method=\u00a0\u00bbon\u00a0\u00bb][et_pb_text _builder_version=\u00a0\u00bb3.19.3&Prime;] Politique de confidentialit\u00e9 &nbsp; Informations Cette section est consacr\u00e9e \u00e0 la la protection de vos\u00a0donn\u00e9es priv\u00e9es sur le site lareserve.lu lareserve.lu\u00a0s\u2019engage \u00e0\u00a0prot\u00e9ger vos donn\u00e9es priv\u00e9es telles que vos nom, adresse, num\u00e9ro de t\u00e9l\u00e9phone\u00a0conform\u00e9ment au r\u00e8glement europ\u00e9en #2016\/679 ou r\u00e8glement g\u00e9n\u00e9ral sur\u00a0la protection des donn\u00e9es (RGPD)\u00a0applicable depuis [&hellip;]<\/p>\n","protected":false},"author":3,"featured_media":0,"parent":0,"menu_order":0,"comment_status":"closed","ping_status":"closed","template":"","meta":{"_et_pb_use_builder":"on","_et_pb_old_content":""},"_links":{"self":[{"href":"https:\/\/lareserve.lu\/index.php?rest_route=\/wp\/v2\/pages\/30383"}],"collection":[{"href":"https:\/\/lareserve.lu\/index.php?rest_route=\/wp\/v2\/pages"}],"about":[{"href":"https:\/\/lareserve.lu\/index.php?rest_route=\/wp\/v2\/types\/page"}],"author":[{"embeddable":true,"href":"https:\/\/lareserve.lu\/index.php?rest_route=\/wp\/v2\/users\/3"}],"replies":[{"embeddable":true,"href":"https:\/\/lareserve.lu\/index.php?rest_route=%2Fwp%2Fv2%2Fcomments&post=30383"}],"version-history":[{"count":3,"href":"https:\/\/lareserve.lu\/index.php?rest_route=\/wp\/v2\/pages\/30383\/revisions"}],"predecessor-version":[{"id":30540,"href":"https:\/\/lareserve.lu\/index.php?rest_route=\/wp\/v2\/pages\/30383\/revisions\/30540"}],"wp:attachment":[{"href":"https:\/\/lareserve.lu\/index.php?rest_route=%2Fwp%2Fv2%2Fmedia&parent=30383"}],"curies":[{"name":"wp","href":"https:\/\/api.w.org\/{rel}","templated":true}]}}