{"id":30588,"date":"2019-01-10T21:06:48","date_gmt":"2019-01-10T19:06:48","guid":{"rendered":"https:\/\/lareserve.lu\/?page_id=30588"},"modified":"2025-11-25T18:00:59","modified_gmt":"2025-11-25T16:00:59","slug":"organiser-vos-evenements","status":"publish","type":"page","link":"https:\/\/lareserve.lu\/?page_id=30588","title":{"rendered":"Organiser vos \u00e9v\u00e8nements"},"content":{"rendered":"<p>[et_pb_section fb_built=\u00a0\u00bb1&Prime; _builder_version=\u00a0\u00bb3.19.4&Prime; background_color=\u00a0\u00bb#004a4d\u00a0\u00bb background_size=\u00a0\u00bbcontain\u00a0\u00bb custom_padding=\u00a0\u00bb65px|0px|29px|0px|false|false\u00a0\u00bb][et_pb_row _builder_version=\u00a0\u00bb3.17.6&Prime;][et_pb_column type=\u00a0\u00bb4_4&Prime; _builder_version=\u00a0\u00bb3.0.47&Prime; parallax=\u00a0\u00bboff\u00a0\u00bb parallax_method=\u00a0\u00bbon\u00a0\u00bb][et_pb_image src=\u00a0\u00bbhttps:\/\/lareserve.lu\/wp-content\/uploads\/2019\/01\/Logo-R\u00e9serve-Vinotheque-clair.png\u00a0\u00bb align=\u00a0\u00bbcenter\u00a0\u00bb _builder_version=\u00a0\u00bb3.19.4&Prime;][\/et_pb_image][\/et_pb_column][\/et_pb_row][\/et_pb_section][et_pb_section fb_built=\u00a0\u00bb1&Prime; _builder_version=\u00a0\u00bb3.19.4&Prime; background_color=\u00a0\u00bb#004a4d\u00a0\u00bb background_color_gradient_direction=\u00a0\u00bb1deg\u00a0\u00bb custom_padding=\u00a0\u00bb29px|0px|30px|0px|false|false\u00a0\u00bb][et_pb_row custom_padding=\u00a0\u00bb30px|0px|30px|0px|false|false\u00a0\u00bb _builder_version=\u00a0\u00bb3.19.5&Prime;][et_pb_column type=\u00a0\u00bb2_3&Prime; _builder_version=\u00a0\u00bb3.18.2&Prime; parallax=\u00a0\u00bboff\u00a0\u00bb parallax_method=\u00a0\u00bbon\u00a0\u00bb][et_pb_text _builder_version=\u00a0\u00bb3.19.4&Prime; text_font=\u00a0\u00bb||||||||\u00a0\u00bb header_font=\u00a0\u00bb||||||||\u00a0\u00bb header_text_color=\u00a0\u00bb#ffffff\u00a0\u00bb header_2_font=\u00a0\u00bbCormorant Garamond|500|||||||\u00a0\u00bb header_2_text_align=\u00a0\u00bbcenter\u00a0\u00bb header_2_text_color=\u00a0\u00bb#ffffff\u00a0\u00bb header_2_font_size=\u00a0\u00bb50px\u00a0\u00bb header_2_line_height=\u00a0\u00bb1.3em\u00a0\u00bb max_width=\u00a0\u00bb750px\u00a0\u00bb module_alignment=\u00a0\u00bbcenter\u00a0\u00bb custom_margin=\u00a0\u00bb||15px|\u00a0\u00bb animation_style=\u00a0\u00bbfade\u00a0\u00bb]<\/p>\n<h2 style=\"text-align: center;\">Organiser vos \u00e9v\u00e9nements<\/h2>\n<h2 style=\"text-align: center;\"><span style=\"font-size: xx-large;\">Afterwork, team-building, anniversaire ou simplement pour prendre un bon ap\u00e9ro entres amis<\/span><\/h2>\n<h3><\/h3>\n<p>[\/et_pb_text][et_pb_divider color=\u00a0\u00bb#cccccc\u00a0\u00bb divider_weight=\u00a0\u00bb2px\u00a0\u00bb _builder_version=\u00a0\u00bb3.2&Prime; max_width=\u00a0\u00bb80px\u00a0\u00bb max_width_tablet=\u00a0\u00bb150px\u00a0\u00bb max_width_phone=\u00a0\u00bb150px\u00a0\u00bb max_width_last_edited=\u00a0\u00bboff|desktop\u00a0\u00bb module_alignment=\u00a0\u00bbcenter\u00a0\u00bb custom_margin=\u00a0\u00bb||15px|\u00a0\u00bb animation_style=\u00a0\u00bbfade\u00a0\u00bb][\/et_pb_divider][\/et_pb_column][et_pb_column type=\u00a0\u00bb1_3&Prime; _builder_version=\u00a0\u00bb3.18.2&Prime; parallax=\u00a0\u00bboff\u00a0\u00bb parallax_method=\u00a0\u00bbon\u00a0\u00bb][et_pb_image src=\u00a0\u00bbhttps:\/\/lareserve.lu\/wp-content\/uploads\/2020\/05\/Saucisson\u00e0latruffe-2.jpg\u00a0\u00bb _builder_version=\u00a0\u00bb3.19.5&Prime;][\/et_pb_image][\/et_pb_column][\/et_pb_row][et_pb_row custom_padding=\u00a0\u00bb27px|0px|28px|0px|false|false\u00a0\u00bb _builder_version=\u00a0\u00bb3.19.5&Prime;][et_pb_column type=\u00a0\u00bb4_4&Prime; _builder_version=\u00a0\u00bb3.18.2&Prime; parallax=\u00a0\u00bboff\u00a0\u00bb parallax_method=\u00a0\u00bbon\u00a0\u00bb][et_pb_text _builder_version=\u00a0\u00bb3.19.5&Prime; text_font=\u00a0\u00bb||||||||\u00a0\u00bb text_text_color=\u00a0\u00bb#ffffff\u00a0\u00bb]<\/p>\n<p style=\"text-align: center;\"><em>Nous demandons aux groupes de 8 personnes et plus de nous contacter pour toutes r\u00e9servations.<\/em><br \/>\n<em> Une consommation minimum de <strong>55\u20ac par personne<\/strong> vous sera alors demand\u00e9e pour confirmer votre r\u00e9servation.<\/em><\/p>\n<p style=\"text-align: center;\"><em>Afin de vous assurer un bon service tout au long de la soir\u00e9e, nous devons pr\u00e9voir la nourriture au pr\u00e9alable, aussi nous vous demandons de s\u00e9lectionner parmi les tapas qui vous sont propos\u00e9es dans notre Carte et de nous confirmer les quantit\u00e9s.<\/em><\/p>\n<p style=\"text-align: center;\"><em>Le nombre d\u00e9finitif de participants ainsi que les quantit\u00e9s de nourriture ne pourront plus \u00eatre modifi\u00e9es moins de 72 heures avant votre \u00e9v\u00e9nement.<\/em><\/p>\n<p style=\"text-align: center;\"><em>Un devis sera ensuite effectu\u00e9 sur mesure avec vous, vous pourrez effectuer le choix des vins sur conseil de notre Sommelier, ou directement sur place le jour de votre \u00e9v\u00e9nement. Ce devis n\u2019est qu\u2019une estimation, au final seul ce qui a \u00e9t\u00e9 consomm\u00e9 durant votre \u00e9v\u00e9nement vous sera factur\u00e9.<\/em><\/p>\n<p style=\"text-align: center;\"><em>Toutefois, la d\u00e9pense minimale de 55\u20ac par personne doit \u00eatre respect\u00e9e. Le responsable de l&rsquo;\u00e9tablissement se devra d\u2019ajuster votre facture afin d&rsquo;atteindre cette somme finale.<\/em><\/p>\n<p style=\"text-align: center;\"><em><strong>Le paiement de la totalit\u00e9 de votre facture se fera obligatoirement avant la fin de soir\u00e9e, directement sur place en cartes bancaires ou en esp\u00e8ces.<\/strong><\/em><br \/>\n<em> <strong> Les clients qui souhaiteraient r\u00e9aliser un paiement de leurs factures par virement bancaires devront nous avoir vers\u00e9 un acompte de 50% du montant de leur devis au pr\u00e9alable (ordre de virement bancaire transmis avant le d\u00e9but de la soir\u00e9e fera foi).<\/strong><\/em><\/p>\n<p style=\"text-align: center;\"><em>Votre r\u00e9servation ne sera confirm\u00e9e qu&rsquo;apr\u00e8s acceptation du devis.<\/em><\/p>\n<p style=\"text-align: center;\"><em> <span style=\"color: #ffffff;\"> Fermeture de l&rsquo;\u00e9tablissement : derni\u00e8re commande et paiement de la facture \u00e0 00:30, fermeture des portes \u00e0 01:00.<\/span><\/em><\/p>\n<p>[\/et_pb_text][\/et_pb_column][\/et_pb_row][\/et_pb_section][et_pb_section fb_built=\u00a0\u00bb1&Prime; admin_label=\u00a0\u00bbContact Form\u00a0\u00bb _builder_version=\u00a0\u00bb3.19.5&Prime; background_color=\u00a0\u00bb#004a4d\u00a0\u00bb background_color_gradient_direction=\u00a0\u00bb0deg\u00a0\u00bb background_image=\u00a0\u00bbhttps:\/\/lareserve.lu\/wp-content\/uploads\/2018\/12\/background-icons-grey.png\u00a0\u00bb background_size=\u00a0\u00bbcontain\u00a0\u00bb background_blend=\u00a0\u00bbsoft-light\u00a0\u00bb custom_margin=\u00a0\u00bb|||\u00a0\u00bb custom_padding=\u00a0\u00bb30px||0||false|false\u00a0\u00bb][et_pb_row custom_padding=\u00a0\u00bb0|0px|0|0px|false|false\u00a0\u00bb _builder_version=\u00a0\u00bb3.19.4&Prime; background_size=\u00a0\u00bbcontain\u00a0\u00bb][et_pb_column type=\u00a0\u00bb4_4&Prime; _builder_version=\u00a0\u00bb3.0.47&Prime; parallax=\u00a0\u00bboff\u00a0\u00bb parallax_method=\u00a0\u00bbon\u00a0\u00bb][et_pb_divider color=\u00a0\u00bb#cccccc\u00a0\u00bb divider_weight=\u00a0\u00bb2px\u00a0\u00bb _builder_version=\u00a0\u00bb3.2&Prime; max_width=\u00a0\u00bb80px\u00a0\u00bb max_width_tablet=\u00a0\u00bb150px\u00a0\u00bb max_width_phone=\u00a0\u00bb150px\u00a0\u00bb max_width_last_edited=\u00a0\u00bboff|desktop\u00a0\u00bb module_alignment=\u00a0\u00bbcenter\u00a0\u00bb custom_margin=\u00a0\u00bb||15px|\u00a0\u00bb animation_style=\u00a0\u00bbfade\u00a0\u00bb][\/et_pb_divider][et_pb_text _builder_version=\u00a0\u00bb3.19.4&Prime; text_font=\u00a0\u00bb||||||||\u00a0\u00bb text_text_color=\u00a0\u00bb#ffffff\u00a0\u00bb header_font=\u00a0\u00bb||||||||\u00a0\u00bb header_text_color=\u00a0\u00bb#ffffff\u00a0\u00bb header_2_font=\u00a0\u00bbCormorant Garamond|500|||||||\u00a0\u00bb header_2_text_align=\u00a0\u00bbcenter\u00a0\u00bb header_2_text_color=\u00a0\u00bb#ffffff\u00a0\u00bb header_2_font_size=\u00a0\u00bb50px\u00a0\u00bb header_2_line_height=\u00a0\u00bb1.3em\u00a0\u00bb max_width=\u00a0\u00bb750px\u00a0\u00bb module_alignment=\u00a0\u00bbcenter\u00a0\u00bb custom_margin=\u00a0\u00bb||15px|\u00a0\u00bb animation_style=\u00a0\u00bbfade\u00a0\u00bb]<\/p>\n<h2 style=\"text-align: center;\"><span style=\"font-size: 50px;\">Contactez-nous :<\/span><\/h2>\n<p style=\"text-align: center;\"><span style=\"font-size: large;\"><em><b>Par e-mail\u00a0<\/b><\/em><\/span><\/p>\n<p style=\"text-align: center;\"><span style=\"font-size: large;\"><em>lareserveluxembourg@gmail.com<\/em><\/span><\/p>\n<h2 style=\"text-align: center;\"><\/h2>\n<p>[\/et_pb_text][et_pb_text _builder_version=\u00a0\u00bb3.19.4&Prime; text_font=\u00a0\u00bbLato|500|||||||\u00a0\u00bb text_text_color=\u00a0\u00bb#ffffff\u00a0\u00bb text_font_size=\u00a0\u00bb20px\u00a0\u00bb text_line_height=\u00a0\u00bb1.8em\u00a0\u00bb text_orientation=\u00a0\u00bbcenter\u00a0\u00bb max_width=\u00a0\u00bb750px\u00a0\u00bb module_alignment=\u00a0\u00bbcenter\u00a0\u00bb custom_margin=\u00a0\u00bb||70px|\u00a0\u00bb animation_style=\u00a0\u00bbfade\u00a0\u00bb][\/et_pb_text][et_pb_text _builder_version=\u00a0\u00bb3.19.4&Prime; text_font=\u00a0\u00bbLato|500|||||||\u00a0\u00bb text_text_color=\u00a0\u00bb#ffffff\u00a0\u00bb text_font_size=\u00a0\u00bb20px\u00a0\u00bb text_line_height=\u00a0\u00bb1.8em\u00a0\u00bb text_orientation=\u00a0\u00bbcenter\u00a0\u00bb max_width=\u00a0\u00bb750px\u00a0\u00bb module_alignment=\u00a0\u00bbcenter\u00a0\u00bb custom_margin=\u00a0\u00bb||70px|\u00a0\u00bb animation_style=\u00a0\u00bbfade\u00a0\u00bb][\/et_pb_text][\/et_pb_column][\/et_pb_row][\/et_pb_section][et_pb_section fb_built=\u00a0\u00bb1&Prime; _builder_version=\u00a0\u00bb3.19.5&Prime; background_color=\u00a0\u00bb#004a4d\u00a0\u00bb custom_padding=\u00a0\u00bb0|0px|0|0px|false|false\u00a0\u00bb][et_pb_row custom_padding=\u00a0\u00bb0|0px|0|0px|false|false\u00a0\u00bb _builder_version=\u00a0\u00bb3.17.6&Prime;][et_pb_column type=\u00a0\u00bb4_4&Prime; _builder_version=\u00a0\u00bb3.0.47&Prime; parallax=\u00a0\u00bboff\u00a0\u00bb parallax_method=\u00a0\u00bbon\u00a0\u00bb][et_pb_divider color=\u00a0\u00bb#cccccc\u00a0\u00bb divider_weight=\u00a0\u00bb2px\u00a0\u00bb _builder_version=\u00a0\u00bb3.2&Prime; max_width=\u00a0\u00bb80px\u00a0\u00bb max_width_tablet=\u00a0\u00bb150px\u00a0\u00bb max_width_phone=\u00a0\u00bb150px\u00a0\u00bb max_width_last_edited=\u00a0\u00bboff|desktop\u00a0\u00bb module_alignment=\u00a0\u00bbcenter\u00a0\u00bb custom_margin=\u00a0\u00bb||15px|\u00a0\u00bb animation_style=\u00a0\u00bbfade\u00a0\u00bb][\/et_pb_divider][et_pb_text _builder_version=\u00a0\u00bb3.19.4&Prime; text_font=\u00a0\u00bb||||||||\u00a0\u00bb header_font=\u00a0\u00bb||||||||\u00a0\u00bb header_text_color=\u00a0\u00bb#ffffff\u00a0\u00bb header_2_font=\u00a0\u00bbCormorant Garamond|500|||||||\u00a0\u00bb header_2_text_align=\u00a0\u00bbcenter\u00a0\u00bb header_2_text_color=\u00a0\u00bb#ffffff\u00a0\u00bb header_2_font_size=\u00a0\u00bb50px\u00a0\u00bb header_2_line_height=\u00a0\u00bb1.3em\u00a0\u00bb max_width=\u00a0\u00bb750px\u00a0\u00bb module_alignment=\u00a0\u00bbcenter\u00a0\u00bb custom_margin=\u00a0\u00bb||15px|\u00a0\u00bb animation_style=\u00a0\u00bbfade\u00a0\u00bb]<\/p>\n<h2 style=\"text-align: center;\">Suivez-nous<\/h2>\n<p>[\/et_pb_text][\/et_pb_column][\/et_pb_row][et_pb_row use_custom_width=\u00a0\u00bbon\u00a0\u00bb custom_width_px=\u00a0\u00bb500px\u00a0\u00bb use_custom_gutter=\u00a0\u00bbon\u00a0\u00bb gutter_width=\u00a0\u00bb1&Prime; custom_padding=\u00a0\u00bb30px|0px|30px|0px|false|false\u00a0\u00bb make_equal=\u00a0\u00bbon\u00a0\u00bb _builder_version=\u00a0\u00bb3.17.6&Prime; module_alignment=\u00a0\u00bbcenter\u00a0\u00bb][et_pb_column type=\u00a0\u00bb1_3&Prime; _builder_version=\u00a0\u00bb3.0.47&Prime; parallax=\u00a0\u00bboff\u00a0\u00bb parallax_method=\u00a0\u00bbon\u00a0\u00bb][et_pb_code _builder_version=\u00a0\u00bb3.19.4&Prime; text_orientation=\u00a0\u00bbcenter\u00a0\u00bb link_option_url=\u00a0\u00bbhttps:\/\/www.facebook.com\/lareserveluxembourg\/\u00a0\u00bb link_option_url_new_window=\u00a0\u00bbon\u00a0\u00bb]<span style=\"font-size: 45px; color: #60b5a4;\"><!-- [et_pb_line_break_holder] --><i class=\"fab fa-facebook-f\"><\/i><!-- [et_pb_line_break_holder] --><\/span> <!-- [et_pb_line_break_holder] --> <!-- [et_pb_line_break_holder] --> <!-- [et_pb_line_break_holder] --> <!-- [et_pb_line_break_holder] -->[\/et_pb_code][\/et_pb_column][et_pb_column type=\u00a0\u00bb1_3&Prime; _builder_version=\u00a0\u00bb3.0.47&Prime; parallax=\u00a0\u00bboff\u00a0\u00bb parallax_method=\u00a0\u00bbon\u00a0\u00bb][et_pb_code _builder_version=\u00a0\u00bb3.19.4&Prime; text_orientation=\u00a0\u00bbcenter\u00a0\u00bb link_option_url=\u00a0\u00bbhttps:\/\/www.instagram.com\/lareserveluxembourg\/\u00a0\u00bb link_option_url_new_window=\u00a0\u00bbon\u00a0\u00bb]<span style=\"font-size: 45px; color: #60b5a4;\"><!-- [et_pb_line_break_holder] --><i class=\"fab fa-instagram\"><\/i><!-- [et_pb_line_break_holder] --><\/span> <!-- [et_pb_line_break_holder] --> <!-- [et_pb_line_break_holder] --><!-- [et_pb_line_break_holder] --> <!-- [et_pb_line_break_holder] -->[\/et_pb_code][\/et_pb_column][et_pb_column type=\u00a0\u00bb1_3&Prime; _builder_version=\u00a0\u00bb3.0.47&Prime; parallax=\u00a0\u00bboff\u00a0\u00bb parallax_method=\u00a0\u00bbon\u00a0\u00bb][et_pb_code _builder_version=\u00a0\u00bb3.19.4&Prime; text_orientation=\u00a0\u00bbcenter\u00a0\u00bb link_option_url=\u00a0\u00bbhttps:\/\/www.tripadvisor.fr\/Restaurant_Review-g190356-d12691792-Reviews-La_Reserve-Luxembourg_City.html\u00a0\u00bb link_option_url_new_window=\u00a0\u00bbon\u00a0\u00bb]<span style=\"font-size: 45px; color: #60b5a4;\"><!-- [et_pb_line_break_holder] --> <i class=\"fab fa-tripadvisor\"><\/i><!-- [et_pb_line_break_holder] --><\/span> <!-- [et_pb_line_break_holder] --> <!-- [et_pb_line_break_holder] --> <!-- [et_pb_line_break_holder] --> <!-- [et_pb_line_break_holder] -->[\/et_pb_code][\/et_pb_column][\/et_pb_row][\/et_pb_section]<\/p>\n","protected":false},"excerpt":{"rendered":"<p>[et_pb_section fb_built=\u00a0\u00bb1&Prime; _builder_version=\u00a0\u00bb3.19.4&Prime; background_color=\u00a0\u00bb#004a4d\u00a0\u00bb background_size=\u00a0\u00bbcontain\u00a0\u00bb custom_padding=\u00a0\u00bb65px|0px|29px|0px|false|false\u00a0\u00bb][et_pb_row _builder_version=\u00a0\u00bb3.17.6&Prime;][et_pb_column type=\u00a0\u00bb4_4&Prime; _builder_version=\u00a0\u00bb3.0.47&Prime; parallax=\u00a0\u00bboff\u00a0\u00bb parallax_method=\u00a0\u00bbon\u00a0\u00bb][et_pb_image src=\u00a0\u00bbhttps:\/\/lareserve.lu\/wp-content\/uploads\/2019\/01\/Logo-R\u00e9serve-Vinotheque-clair.png\u00a0\u00bb align=\u00a0\u00bbcenter\u00a0\u00bb _builder_version=\u00a0\u00bb3.19.4&Prime;][\/et_pb_image][\/et_pb_column][\/et_pb_row][\/et_pb_section][et_pb_section fb_built=\u00a0\u00bb1&Prime; _builder_version=\u00a0\u00bb3.19.4&Prime; background_color=\u00a0\u00bb#004a4d\u00a0\u00bb background_color_gradient_direction=\u00a0\u00bb1deg\u00a0\u00bb custom_padding=\u00a0\u00bb29px|0px|30px|0px|false|false\u00a0\u00bb][et_pb_row custom_padding=\u00a0\u00bb30px|0px|30px|0px|false|false\u00a0\u00bb _builder_version=\u00a0\u00bb3.19.5&Prime;][et_pb_column type=\u00a0\u00bb2_3&Prime; _builder_version=\u00a0\u00bb3.18.2&Prime; parallax=\u00a0\u00bboff\u00a0\u00bb parallax_method=\u00a0\u00bbon\u00a0\u00bb][et_pb_text _builder_version=\u00a0\u00bb3.19.4&Prime; text_font=\u00a0\u00bb||||||||\u00a0\u00bb header_font=\u00a0\u00bb||||||||\u00a0\u00bb header_text_color=\u00a0\u00bb#ffffff\u00a0\u00bb header_2_font=\u00a0\u00bbCormorant Garamond|500|||||||\u00a0\u00bb header_2_text_align=\u00a0\u00bbcenter\u00a0\u00bb header_2_text_color=\u00a0\u00bb#ffffff\u00a0\u00bb header_2_font_size=\u00a0\u00bb50px\u00a0\u00bb header_2_line_height=\u00a0\u00bb1.3em\u00a0\u00bb max_width=\u00a0\u00bb750px\u00a0\u00bb module_alignment=\u00a0\u00bbcenter\u00a0\u00bb custom_margin=\u00a0\u00bb||15px|\u00a0\u00bb animation_style=\u00a0\u00bbfade\u00a0\u00bb] Organiser vos \u00e9v\u00e9nements Afterwork, team-building, anniversaire ou simplement pour prendre un bon ap\u00e9ro entres amis [\/et_pb_text][et_pb_divider [&hellip;]<\/p>\n","protected":false},"author":3,"featured_media":30833,"parent":0,"menu_order":0,"comment_status":"closed","ping_status":"closed","template":"","meta":{"_et_pb_use_builder":"on","_et_pb_old_content":""},"_links":{"self":[{"href":"https:\/\/lareserve.lu\/index.php?rest_route=\/wp\/v2\/pages\/30588"}],"collection":[{"href":"https:\/\/lareserve.lu\/index.php?rest_route=\/wp\/v2\/pages"}],"about":[{"href":"https:\/\/lareserve.lu\/index.php?rest_route=\/wp\/v2\/types\/page"}],"author":[{"embeddable":true,"href":"https:\/\/lareserve.lu\/index.php?rest_route=\/wp\/v2\/users\/3"}],"replies":[{"embeddable":true,"href":"https:\/\/lareserve.lu\/index.php?rest_route=%2Fwp%2Fv2%2Fcomments&post=30588"}],"version-history":[{"count":19,"href":"https:\/\/lareserve.lu\/index.php?rest_route=\/wp\/v2\/pages\/30588\/revisions"}],"predecessor-version":[{"id":30914,"href":"https:\/\/lareserve.lu\/index.php?rest_route=\/wp\/v2\/pages\/30588\/revisions\/30914"}],"wp:featuredmedia":[{"embeddable":true,"href":"https:\/\/lareserve.lu\/index.php?rest_route=\/wp\/v2\/media\/30833"}],"wp:attachment":[{"href":"https:\/\/lareserve.lu\/index.php?rest_route=%2Fwp%2Fv2%2Fmedia&parent=30588"}],"curies":[{"name":"wp","href":"https:\/\/api.w.org\/{rel}","templated":true}]}}